{"id":38420,"date":"2024-02-12T13:31:26","date_gmt":"2024-02-12T10:31:26","guid":{"rendered":"https:\/\/isbeauty.de\/unsere-dienstleistungen\/"},"modified":"2025-11-17T05:15:35","modified_gmt":"2025-11-17T02:15:35","slug":"unsere-dienstleistungen","status":"publish","type":"page","link":"https:\/\/isbeauty.de\/de\/unsere-dienstleistungen\/","title":{"rendered":"Unsere Dienstleistungen"},"content":{"rendered":"<p data-pm-slice=\"1 1 []\">Unser Ansatz basiert auf der Kombination aus langj\u00e4hriger Erfahrung und modernster Ger\u00e4tetechnologie. Wir sind stolz darauf, Ger\u00e4te von weltweit f\u00fchrenden Anbietern zu verwenden.<\/p>\n<h6>Tiefe Diagnose und Pflegestrategie<\/h6>\n<h2>mit Iryna Shulhina<\/h2>\n<p data-pm-slice=\"1 1 []\">Dieses Format ist f\u00fcr diejenigen, die ein vollst\u00e4ndiges Bild \u00fcber den Zustand ihrer Haut\/ihres K\u00f6rpers erhalten und eine langfristige Sch\u00f6nheitsstrategie entwickeln m\u00f6chten, die sowohl Salonbehandlungen als auch die Heimpflege umfasst.<\/p>\n<ul>\n<li><strong>Wie es funktioniert?<\/strong> Es ist ein separates, vollwertiges Treffen mit unserer leitenden Spezialistin, bei dem Sie keine Eile haben.<\/li>\n<li><strong>Was Sie erhalten?<\/strong>\n<ul>\n<li>Detaillierte Analyse des Hautzustands und ihrer Bed\u00fcrfnisse.<\/li>\n<li>Ein schrittweises, pers\u00f6nliches Behandlungsprotokoll f\u00fcr die n\u00e4chsten Monate.<\/li>\n<li>Professionelle Auswahl der Heimpflege und eine vollst\u00e4ndige Analyse Ihrer aktuellen Kosmetikprodukte.<\/li>\n<\/ul>\n<\/li>\n<\/ul>\n<p><strong>Kosten:<\/strong> 50 \u20ac<\/p>\n<p><strong>\u2728Wie Sie diese Beratung kostenlos erhalten?<\/strong> Die Beratungsgeb\u00fchr wird vollst\u00e4ndig angerechnet (kompensiert), wenn Sie nach dem Treffen:<\/p>\n<ol>\n<li>Die empfohlene Heimpflege von a.g.e.stop Switzerland erwerben.<\/li>\n<li>Oder eine ISBeauty Guthabenkarte (Depotkarte) f\u00fcr zuk\u00fcnftige Besuche erwerben.<\/li>\n<\/ol>\n<p><strong>Die Beratung bei ISBeauty ist kein Verkaufsgespr\u00e4ch, sondern der Beginn unserer Partnerschaft auf dem Weg zu Ihrem Ziel.<\/strong><\/p>\n<p>\t\t\t\t\t<a role=\"button\" tabindex=\"0\">Beratung erhalten<\/a><\/p>\n","protected":false},"excerpt":{"rendered":"<p>Unser Ansatz basiert auf der Kombination aus langj\u00e4hriger Erfahrung und modernster Ger\u00e4tetechnologie. Wir sind stolz darauf, Ger\u00e4te von weltweit f\u00fchrenden Anbietern zu verwenden. Tiefe Diagnose und Pflegestrategie mit Iryna Shulhina Dieses Format ist f\u00fcr diejenigen, die ein vollst\u00e4ndiges Bild \u00fcber den Zustand ihrer Haut\/ihres K\u00f6rpers erhalten und eine langfristige Sch\u00f6nheitsstrategie entwickeln m\u00f6chten, die sowohl Salonbehandlungen&#8230;<\/p>\n","protected":false},"author":1,"featured_media":0,"parent":0,"menu_order":0,"comment_status":"closed","ping_status":"closed","template":"","meta":{"_acf_changed":false,"footnotes":""},"class_list":["post-38420","page","type-page","status-publish","hentry"],"acf":[],"yoast_head":"<!-- This site is optimized with the Yoast SEO plugin v27.1.1 - https:\/\/yoast.com\/product\/yoast-seo-wordpress\/ -->\n<title>Unsere Dienstleistungen - ISBeauty | Kosmetikstudio in Berlin (Charlottenburg)<\/title>\n<meta name=\"robots\" content=\"index, follow, max-snippet:-1, max-image-preview:large, max-video-preview:-1\" \/>\n<link rel=\"canonical\" href=\"https:\/\/isbeauty.de\/de\/unsere-dienstleistungen\/\" \/>\n<meta property=\"og:locale\" content=\"de_DE\" \/>\n<meta property=\"og:type\" content=\"article\" \/>\n<meta property=\"og:title\" content=\"Unsere Dienstleistungen - ISBeauty | Kosmetikstudio in Berlin (Charlottenburg)\" \/>\n<meta property=\"og:description\" content=\"Unser Ansatz basiert auf der Kombination aus langj\u00e4hriger Erfahrung und modernster Ger\u00e4tetechnologie. Wir sind stolz darauf, Ger\u00e4te von weltweit f\u00fchrenden Anbietern zu verwenden. Tiefe Diagnose und Pflegestrategie mit Iryna Shulhina Dieses Format ist f\u00fcr diejenigen, die ein vollst\u00e4ndiges Bild \u00fcber den Zustand ihrer Haut\/ihres K\u00f6rpers erhalten und eine langfristige Sch\u00f6nheitsstrategie entwickeln m\u00f6chten, die sowohl Salonbehandlungen...\" \/>\n<meta property=\"og:url\" content=\"https:\/\/isbeauty.de\/de\/unsere-dienstleistungen\/\" \/>\n<meta property=\"og:site_name\" content=\"ISBeauty | Kosmetikstudio in Berlin (Charlottenburg)\" \/>\n<meta property=\"article:modified_time\" content=\"2025-11-17T02:15:35+00:00\" \/>\n<meta name=\"twitter:card\" content=\"summary_large_image\" \/>\n<meta name=\"twitter:label1\" content=\"Gesch\u00e4tzte Lesezeit\" \/>\n\t<meta name=\"twitter:data1\" content=\"1\u00a0Minute\" \/>\n<script type=\"application\/ld+json\" class=\"yoast-schema-graph\">{\"@context\":\"https:\/\/schema.org\",\"@graph\":[{\"@type\":\"WebPage\",\"@id\":\"https:\/\/isbeauty.de\/de\/unsere-dienstleistungen\/\",\"url\":\"https:\/\/isbeauty.de\/de\/unsere-dienstleistungen\/\",\"name\":\"Unsere Dienstleistungen - ISBeauty | Kosmetikstudio in Berlin (Charlottenburg)\",\"isPartOf\":{\"@id\":\"https:\/\/isbeauty.de\/#website\"},\"datePublished\":\"2024-02-12T10:31:26+00:00\",\"dateModified\":\"2025-11-17T02:15:35+00:00\",\"breadcrumb\":{\"@id\":\"https:\/\/isbeauty.de\/de\/unsere-dienstleistungen\/#breadcrumb\"},\"inLanguage\":\"de\",\"potentialAction\":[{\"@type\":\"ReadAction\",\"target\":[\"https:\/\/isbeauty.de\/de\/unsere-dienstleistungen\/\"]}]},{\"@type\":\"BreadcrumbList\",\"@id\":\"https:\/\/isbeauty.de\/de\/unsere-dienstleistungen\/#breadcrumb\",\"itemListElement\":[{\"@type\":\"ListItem\",\"position\":1,\"name\":\"\u0413\u043b\u0430\u0432\u043d\u0430\u044f \u0441\u0442\u0440\u0430\u043d\u0438\u0446\u0430\",\"item\":\"https:\/\/isbeauty.de\/de\/\"},{\"@type\":\"ListItem\",\"position\":2,\"name\":\"Unsere Dienstleistungen\"}]},{\"@type\":\"WebSite\",\"@id\":\"https:\/\/isbeauty.de\/#website\",\"url\":\"https:\/\/isbeauty.de\/\",\"name\":\"ISBeauty | Kosmetikstudio in Berlin (Charlottenburg)\",\"description\":\"Expertise Kosmetik in Berlin. Mediostar Laser-Haarentfernung, Gesichtsmassage, Gesichtsreinigungen, Peelings und apparative Behandlungen (Endospheres, ONDA). Buchen Sie einen Beratungstermin!\",\"potentialAction\":[{\"@type\":\"SearchAction\",\"target\":{\"@type\":\"EntryPoint\",\"urlTemplate\":\"https:\/\/isbeauty.de\/?s={search_term_string}\"},\"query-input\":{\"@type\":\"PropertyValueSpecification\",\"valueRequired\":true,\"valueName\":\"search_term_string\"}}],\"inLanguage\":\"de\"}]}<\/script>\n<!-- \/ Yoast SEO plugin. -->","yoast_head_json":{"title":"Unsere Dienstleistungen - ISBeauty | Kosmetikstudio in Berlin (Charlottenburg)","robots":{"index":"index","follow":"follow","max-snippet":"max-snippet:-1","max-image-preview":"max-image-preview:large","max-video-preview":"max-video-preview:-1"},"canonical":"https:\/\/isbeauty.de\/de\/unsere-dienstleistungen\/","og_locale":"de_DE","og_type":"article","og_title":"Unsere Dienstleistungen - ISBeauty | Kosmetikstudio in Berlin (Charlottenburg)","og_description":"Unser Ansatz basiert auf der Kombination aus langj\u00e4hriger Erfahrung und modernster Ger\u00e4tetechnologie. Wir sind stolz darauf, Ger\u00e4te von weltweit f\u00fchrenden Anbietern zu verwenden. Tiefe Diagnose und Pflegestrategie mit Iryna Shulhina Dieses Format ist f\u00fcr diejenigen, die ein vollst\u00e4ndiges Bild \u00fcber den Zustand ihrer Haut\/ihres K\u00f6rpers erhalten und eine langfristige Sch\u00f6nheitsstrategie entwickeln m\u00f6chten, die sowohl Salonbehandlungen...","og_url":"https:\/\/isbeauty.de\/de\/unsere-dienstleistungen\/","og_site_name":"ISBeauty | Kosmetikstudio in Berlin (Charlottenburg)","article_modified_time":"2025-11-17T02:15:35+00:00","twitter_card":"summary_large_image","twitter_misc":{"Gesch\u00e4tzte Lesezeit":"1\u00a0Minute"},"schema":{"@context":"https:\/\/schema.org","@graph":[{"@type":"WebPage","@id":"https:\/\/isbeauty.de\/de\/unsere-dienstleistungen\/","url":"https:\/\/isbeauty.de\/de\/unsere-dienstleistungen\/","name":"Unsere Dienstleistungen - ISBeauty | Kosmetikstudio in Berlin (Charlottenburg)","isPartOf":{"@id":"https:\/\/isbeauty.de\/#website"},"datePublished":"2024-02-12T10:31:26+00:00","dateModified":"2025-11-17T02:15:35+00:00","breadcrumb":{"@id":"https:\/\/isbeauty.de\/de\/unsere-dienstleistungen\/#breadcrumb"},"inLanguage":"de","potentialAction":[{"@type":"ReadAction","target":["https:\/\/isbeauty.de\/de\/unsere-dienstleistungen\/"]}]},{"@type":"BreadcrumbList","@id":"https:\/\/isbeauty.de\/de\/unsere-dienstleistungen\/#breadcrumb","itemListElement":[{"@type":"ListItem","position":1,"name":"\u0413\u043b\u0430\u0432\u043d\u0430\u044f \u0441\u0442\u0440\u0430\u043d\u0438\u0446\u0430","item":"https:\/\/isbeauty.de\/de\/"},{"@type":"ListItem","position":2,"name":"Unsere Dienstleistungen"}]},{"@type":"WebSite","@id":"https:\/\/isbeauty.de\/#website","url":"https:\/\/isbeauty.de\/","name":"ISBeauty | Kosmetikstudio in Berlin (Charlottenburg)","description":"Expertise Kosmetik in Berlin. Mediostar Laser-Haarentfernung, Gesichtsmassage, Gesichtsreinigungen, Peelings und apparative Behandlungen (Endospheres, ONDA). Buchen Sie einen Beratungstermin!","potentialAction":[{"@type":"SearchAction","target":{"@type":"EntryPoint","urlTemplate":"https:\/\/isbeauty.de\/?s={search_term_string}"},"query-input":{"@type":"PropertyValueSpecification","valueRequired":true,"valueName":"search_term_string"}}],"inLanguage":"de"}]}},"_links":{"self":[{"href":"https:\/\/isbeauty.de\/de\/wp-json\/wp\/v2\/pages\/38420","targetHints":{"allow":["GET"]}}],"collection":[{"href":"https:\/\/isbeauty.de\/de\/wp-json\/wp\/v2\/pages"}],"about":[{"href":"https:\/\/isbeauty.de\/de\/wp-json\/wp\/v2\/types\/page"}],"author":[{"embeddable":true,"href":"https:\/\/isbeauty.de\/de\/wp-json\/wp\/v2\/users\/1"}],"replies":[{"embeddable":true,"href":"https:\/\/isbeauty.de\/de\/wp-json\/wp\/v2\/comments?post=38420"}],"version-history":[{"count":0,"href":"https:\/\/isbeauty.de\/de\/wp-json\/wp\/v2\/pages\/38420\/revisions"}],"wp:attachment":[{"href":"https:\/\/isbeauty.de\/de\/wp-json\/wp\/v2\/media?parent=38420"}],"curies":[{"name":"wp","href":"https:\/\/api.w.org\/{rel}","templated":true}]}}